{"id":696,"date":"2023-08-29T10:37:43","date_gmt":"2023-08-29T10:37:43","guid":{"rendered":"https:\/\/alcosoft.es\/?page_id=696"},"modified":"2023-08-29T10:46:00","modified_gmt":"2023-08-29T10:46:00","slug":"696-2","status":"publish","type":"page","link":"https:\/\/alcosoft.es\/index.php\/696-2\/","title":{"rendered":"politica-cookies"},"content":{"rendered":"<p>[et_pb_section fb_built=\u00bb1&#8243; _builder_version=\u00bb4.22.1&#8243; _module_preset=\u00bbdefault\u00bb use_background_color_gradient=\u00bboff\u00bb custom_padding=\u00bb||1px|||\u00bb global_colors_info=\u00bb{}\u00bb][et_pb_row column_structure=\u00bb1_2,1_2&#8243; _builder_version=\u00bb4.22.1&#8243; _module_preset=\u00bbdefault\u00bb custom_padding=\u00bb||0px|||\u00bb global_colors_info=\u00bb{}\u00bb][et_pb_column type=\u00bb1_2&#8243; _builder_version=\u00bb4.22.1&#8243; _module_preset=\u00bbdefault\u00bb global_colors_info=\u00bb{}\u00bb][et_pb_blurb _builder_version=\u00bb4.22.1&#8243; _module_preset=\u00bbdefault\u00bb custom_margin=\u00bb15px||||false|false\u00bb global_colors_info=\u00bb{}\u00bb]<\/p>\n<h1 style=\"text-align: left;\"><span style=\"text-decoration: underline;\"><strong>Pol\u00edtica de Cookies<\/strong><\/span><\/h1>\n<p>[\/et_pb_blurb][\/et_pb_column][et_pb_column type=\u00bb1_2&#8243; _builder_version=\u00bb4.22.1&#8243; _module_preset=\u00bbdefault\u00bb global_colors_info=\u00bb{}\u00bb][et_pb_blurb url=\u00bbhttps:\/\/www.alcosoft.es\u00bb _builder_version=\u00bb4.22.1&#8243; _module_preset=\u00bbdefault\u00bb hover_enabled=\u00bb0&#8243; global_colors_info=\u00bb{}\u00bb link_option_url=\u00bbhttps:\/\/www.alcosoft.es\u00bb sticky_enabled=\u00bb0&#8243;]<\/p>\n<p><img loading=\"lazy\" decoding=\"async\" src=\"https:\/\/alcosoft.es\/wp-content\/uploads\/2023\/07\/Alcosoft_logo_Horizontal-300x140.png\" width=\"300\" height=\"140\" alt=\"\" class=\"wp-image-119 alignnone size-medium\" \/><\/p>\n<p>[\/et_pb_blurb][\/et_pb_column][\/et_pb_row][\/et_pb_section][et_pb_section fb_built=\u00bb1&#8243; _builder_version=\u00bb4.22.1&#8243; _module_preset=\u00bbdefault\u00bb use_background_color_gradient=\u00bboff\u00bb custom_padding=\u00bb0px|||||\u00bb global_colors_info=\u00bb{}\u00bb][et_pb_row _builder_version=\u00bb4.22.1&#8243; _module_preset=\u00bbdefault\u00bb global_colors_info=\u00bb{}\u00bb][et_pb_column type=\u00bb4_4&#8243; _builder_version=\u00bb4.22.1&#8243; _module_preset=\u00bbdefault\u00bb global_colors_info=\u00bb{}\u00bb][et_pb_text _builder_version=\u00bb4.22.1&#8243; _module_preset=\u00bbdefault\u00bb global_colors_info=\u00bb{}\u00bb]<\/p>\n<h4><strong>Introducci\u00f3n. Definici\u00f3n y funci\u00f3n de las cookies.<\/strong><\/h4>\n<p>Cookie es un fichero que se descarga en su ordenador al acceder a determinadas p\u00e1ginas web. Las Cookies permiten a una p\u00e1gina web, entre otras cosas, almacenar y recuperar informaci\u00f3n sobre los h\u00e1bitos de navegaci\u00f3n de un usuario o de su equipo y, dependiendo de la informaci\u00f3n que contengan y de la forma en que utilice su equipo, pueden utilizarse para reconocer al Usuario. El navegador del Usuario memoriza Cookies en el disco duro solamente durante la sesi\u00f3n actual ocupando un espacio de memoria m\u00ednimo y no perjudicando al ordenador. Las Cookies no contienen ninguna clase de informaci\u00f3n personal espec\u00edfica, y la mayor\u00eda de las mismas se borran del disco duro al finalizar la sesi\u00f3n de navegador (las denominadas Cookies de sesi\u00f3n).<\/p>\n<p>La mayor\u00eda de los navegadores aceptan como est\u00e1ndar a las Cookies y, con independencia de las mismas, permiten o impiden en los ajustes de seguridad las Cookies temporales o memorizadas.<\/p>\n<p>Sin tu expreso consentimiento \u2013mediante la activaci\u00f3n de las Cookies en su navegador\u2013 no enlazaremos en las cookies los datos memorizados con tus datos personales proporcionados en el momento de tu solicitud o compra.<\/p>\n<h4>\u00bf<strong>Qu\u00e9 tipo de Cookies utiliza esta p\u00e1gina web?<\/strong><\/h4>\n<p><strong>Seg\u00fan la entidad que las gestiona:<\/strong><\/p>\n<ul>\n<li><strong>Cookies propias:<\/strong><span>\u00a0<\/span>Son aqu\u00e9llas que se env\u00edan desde nuestros propios equipos o dominio.<\/li>\n<\/ul>\n<p><strong>Seg\u00fan el plazo de tiempo que permanecen activadas:<\/strong><\/p>\n<ul>\n<li><strong>Cookies de sesi\u00f3n:<\/strong><span>\u00a0<\/span>Son cookies temporales que permanecen en tu navegador hasta que abandonas la p\u00e1gina web, no quedando registradas en el disco duro de tu ordenador o dispositivo equivalente. Con ella, se analiza las pautas de tr\u00e1fico en la web, lo que nos permite mejorar progresivamente los contenidos y usos de la web.<\/li>\n<\/ul>\n<h4>A continuaci\u00f3n detallamos las Cookies utilizadas en nuestra web y la finalidad de las mismas:<\/h4>\n<p><strong>COOKIES PROPIAS:<\/strong><\/p>\n<ul>\n<li>Nombre: cookies_and_content_security_policy<\/li>\n<li>Tipo de cookie: t\u00e9cnica<\/li>\n<li>De sesi\u00f3n o persistente: sesi\u00f3n<\/li>\n<li>Finalidad: Se usa para distinguir a los usuarios.<\/li>\n<li>Datos que recopila:<\/li>\n<li>Periodo de conservaci\u00f3n de los datos: 60 minutos<\/li>\n<li>Uso de las cookies por terceros distintos al editor:<\/li>\n<li>Transferencias a terceros pa\u00edses (en su caso, identificar a los terceros pa\u00edses y proporcionar informaci\u00f3n sobre d\u00f3nde y c\u00f3mo se puede acceder a la decisi\u00f3n de adecuaci\u00f3n o a las garant\u00edas adecuadas o apropiadas):<\/li>\n<\/ul>\n<p><em>*Excluida\/ no excluida (del deber de la informaci\u00f3n y el consentimiento)<\/em><\/p>\n<p><em>**Debe saber que se entienden como cookies excluidas del deber de informaci\u00f3n y consentimiento las que son estrictamente necesarias para la prestaci\u00f3n de un servicio expresamente solicitado por el usuario o aquellas necesarias \u00fanicamente para permitir la comunicaci\u00f3n entre el equipo del usuario y la red, como por ejemplo: cookies de sesi\u00f3n, cookies de entrada de usuario, cookies de seguridad del usuario, cookies de sesi\u00f3n de reproductor multimedia, cookies de sesi\u00f3n para equilibrar la carga, determinadas cookies t\u00e9cnicas, cookies de personalizaci\u00f3n y determinadas cookies de complemento.<\/em><\/p>\n<p>Estas listas se actualizan a la mayor brevedad cuando se produce alg\u00fan tipo de cambio en los servicios ofrecidos en la web. No obstante, puede ocurrir que durante la actualizaci\u00f3n la lista no incluya ya alguna Cookie, aunque siempre estar\u00e1n referidas a Cookies con id\u00e9nticos prop\u00f3sitos a los registrados en la lista.<\/p>\n<h4><strong>Aceptaci\u00f3n del uso de cookies. Obtenci\u00f3n del consentimiento y forma de desactivar o eliminar las cookies.<\/strong><\/h4>\n<p>Cuando el Usuario accede a nuestro Sitio Web y antes de comenzar la navegaci\u00f3n, es advertido sobre el uso de Cookies de manera que puede prestar su consentimiento con relaci\u00f3n a nuestra Pol\u00edtica de Cookies, pulsando el bot\u00f3n \u201cAceptar\u201d en la ventana informativa. De esta forma, el Usuario acepta expresamente, el tratamiento de la informaci\u00f3n recabada en la forma y con los fines anteriormente mencionados.<\/p>\n<p>Son cookies excluidas del deber de informaci\u00f3n y del consentimiento las estrictamente necesarias para la prestaci\u00f3n de un servicio expresamente solicitado por el usuario o aquellas necesarias \u00fanicamente para permitir la comunicaci\u00f3n entre el equipo del usuario y la red, como por ejemplo: cookies de sesi\u00f3n, cookies de entrada de usuario, cookies de seguridad del usuario, cookies de sesi\u00f3n de reproductor multimedia, cookies de sesi\u00f3n para equilibrar la carga, determinadas cookies t\u00e9cnicas, cookies de personalizaci\u00f3n y determinadas cookies de complemento.<\/p>\n<p>Tambi\u00e9n podr\u00e1 configurar las cookies y, asimismo, reconoce la posibilidad de rechazar el tratamiento de tales datos o informaci\u00f3n rechazando el uso de Cookies mediante la selecci\u00f3n de la configuraci\u00f3n apropiada a tal fin en su navegador. Si bien esta opci\u00f3n de bloqueo de Cookies en su navegador puede no permitirle el uso pleno de todas las funcionalidades de la Web y que la experiencia en nuestra web sea menos satisfactoria.<\/p>\n<p>Puede usted permitir, bloquear o eliminar las cookies instaladas en su equipo mediante la configuraci\u00f3n de las opciones del navegador instalado en su ordenador:<\/p>\n<ul>\n<li><strong>Internet Explorer:<\/strong><span>\u00a0<\/span>Windows.microsoft.com\/es-xl\/internet-explorer\/delete-manage-cookies#ie=ie-10<\/li>\n<li><strong>Firefox:<\/strong><span>\u00a0<\/span>support.mozilla.org\/es\/kb\/Borrar%20cookies<\/li>\n<li><strong>Chrome:<\/strong><span>\u00a0<\/span>support.google.com\/chrome\/answer\/95647?hl=es<\/li>\n<li><strong>Safari:<\/strong><span>\u00a0<\/span>www.apple.com\/es\/privacy\/use-of-cookies\/<\/li>\n<li><strong>Opera:<\/strong><span>\u00a0<\/span>https:\/\/help.opera.com\/Windows\/12.00\/es-ES\/cookies.html<\/li>\n<\/ul>\n<p class=\"mb-0\">Si tiene dudas sobre esta pol\u00edtica de cookies, puede contactar con nosotros enviando un e-mail a la direcci\u00f3n indicada en la Pol\u00edtica de Privacidad.<\/p>\n<p>[\/et_pb_text][\/et_pb_column][\/et_pb_row][\/et_pb_section]<\/p>\n","protected":false},"excerpt":{"rendered":"<p>Pol\u00edtica de CookiesIntroducci\u00f3n. Definici\u00f3n y funci\u00f3n de las cookies. Cookie es un fichero que se descarga en su ordenador al acceder a determinadas p\u00e1ginas web. Las Cookies permiten a una p\u00e1gina web, entre otras cosas, almacenar y recuperar informaci\u00f3n sobre los h\u00e1bitos de navegaci\u00f3n de un usuario o de su equipo y, dependiendo de la [&hellip;]<\/p>\n","protected":false},"author":1,"featured_media":0,"parent":0,"menu_order":0,"comment_status":"closed","ping_status":"closed","template":"page-template-blank.php","meta":{"_et_pb_use_builder":"on","_et_pb_old_content":"","_et_gb_content_width":"","_joinchat":[],"footnotes":""},"class_list":["post-696","page","type-page","status-publish","hentry"],"_links":{"self":[{"href":"https:\/\/alcosoft.es\/index.php\/wp-json\/wp\/v2\/pages\/696","targetHints":{"allow":["GET"]}}],"collection":[{"href":"https:\/\/alcosoft.es\/index.php\/wp-json\/wp\/v2\/pages"}],"about":[{"href":"https:\/\/alcosoft.es\/index.php\/wp-json\/wp\/v2\/types\/page"}],"author":[{"embeddable":true,"href":"https:\/\/alcosoft.es\/index.php\/wp-json\/wp\/v2\/users\/1"}],"replies":[{"embeddable":true,"href":"https:\/\/alcosoft.es\/index.php\/wp-json\/wp\/v2\/comments?post=696"}],"version-history":[{"count":6,"href":"https:\/\/alcosoft.es\/index.php\/wp-json\/wp\/v2\/pages\/696\/revisions"}],"predecessor-version":[{"id":707,"href":"https:\/\/alcosoft.es\/index.php\/wp-json\/wp\/v2\/pages\/696\/revisions\/707"}],"wp:attachment":[{"href":"https:\/\/alcosoft.es\/index.php\/wp-json\/wp\/v2\/media?parent=696"}],"curies":[{"name":"wp","href":"https:\/\/api.w.org\/{rel}","templated":true}]}}