{"id":228,"date":"2023-08-22T11:08:41","date_gmt":"2023-08-22T11:08:41","guid":{"rendered":"https:\/\/alcosoft.es\/?page_id=228"},"modified":"2023-08-31T07:08:08","modified_gmt":"2023-08-31T07:08:08","slug":"228-2","status":"publish","type":"page","link":"https:\/\/alcosoft.es\/index.php\/228-2\/","title":{"rendered":"tools"},"content":{"rendered":"<p>[et_pb_section fb_built=\u00bb1&#8243; admin_label=\u00bbServices\u00bb _builder_version=\u00bb4.22.1&#8243; background_image=\u00bbhttps:\/\/alcosoft.es\/wp-content\/uploads\/2023\/07\/cyber-security-17.png\u00bb z_index=\u00bb5&#8243; min_height=\u00bb682.1px\u00bb global_colors_info=\u00bb{}\u00bb][et_pb_row column_structure=\u00bb1_3,1_3,1_3&#8243; _builder_version=\u00bb4.16&#8243; z_index=\u00bb1&#8243; locked=\u00bboff\u00bb global_colors_info=\u00bb{}\u00bb][et_pb_column type=\u00bb1_3&#8243; _builder_version=\u00bb4.16&#8243; global_colors_info=\u00bb{}\u00bb][et_pb_text _builder_version=\u00bb4.16&#8243; text_font=\u00bb||||||||\u00bb header_2_font=\u00bbOverpass|900|||||||\u00bb header_2_font_size=\u00bb56px\u00bb header_2_line_height=\u00bb1.1em\u00bb header_3_font=\u00bbOverpass|600|||||||\u00bb header_3_text_color=\u00bb#00b4ff\u00bb header_3_font_size=\u00bb30px\u00bb header_3_line_height=\u00bb1.2em\u00bb custom_margin=\u00bb-11vw||\u00bb custom_padding=\u00bb|||||\u00bb header_2_font_size_tablet=\u00bb38px\u00bb header_2_font_size_phone=\u00bb26px\u00bb header_2_font_size_last_edited=\u00bbon|desktop\u00bb header_3_font_tablet=\u00bb\u00bb header_3_font_phone=\u00bbOverpass|700|||||||\u00bb header_3_font_last_edited=\u00bbon|phone\u00bb header_3_font_size_tablet=\u00bb24px\u00bb header_3_font_size_phone=\u00bb18px\u00bb header_3_font_size_last_edited=\u00bbon|desktop\u00bb locked=\u00bboff\u00bb global_colors_info=\u00bb{}\u00bb]<\/p>\n<h2><\/h2>\n<h2><\/h2>\n<h2><\/h2>\n<h2><\/h2>\n<h2><\/h2>\n<h2><\/h2>\n<h2><\/h2>\n<h2><\/h2>\n<h2><\/h2>\n<h2><\/h2>\n<h2><\/h2>\n<h2><\/h2>\n<h2><\/h2>\n<h2><\/h2>\n<h2><\/h2>\n<h2><\/h2>\n<h2><\/h2>\n<h2><\/h2>\n<h2>Free Tools, Software &amp; Resources<\/h2>\n<p>[\/et_pb_text][et_pb_text _builder_version=\u00bb4.22.1&#8243; text_font=\u00bbOverpass|300|||||||\u00bb text_font_size=\u00bb17px\u00bb text_line_height=\u00bb1.8em\u00bb custom_padding=\u00bb|0px||||\u00bb text_font_size_tablet=\u00bb\u00bb text_font_size_phone=\u00bb14px\u00bb text_font_size_last_edited=\u00bbon|desktop\u00bb locked=\u00bboff\u00bb global_colors_info=\u00bb{}\u00bb]<\/p>\n<p><span>En el contexto de la evoluci\u00f3n constante del panorama digital, hemos reunido en nuestra plataforma una selecci\u00f3n de herramientas, software y recursos que reflejan nuestra profunda comprensi\u00f3n de la ciberseguridad. <\/span><\/p>\n<p><span>Nuestra recopilaci\u00f3n gratuita est\u00e1 dise\u00f1ada para proporcionarte soluciones s\u00f3lidas y avanzadas que aborden los desaf\u00edos de seguridad en l\u00ednea. Desde herramientas de an\u00e1lisis de vulnerabilidades y detecci\u00f3n de intrusiones hasta suites de encriptaci\u00f3n y autenticaci\u00f3n multifactorial, nuestra selecci\u00f3n se basa en a\u00f1os de experiencia y conocimientos. <\/span><\/p>\n<p><span>Te invitamos a explorar estos recursos minuciosamente y a integrarlos en tus estrategias digitales. Al aprovechar estas soluciones, podr\u00e1s elevar tu resiliencia cibern\u00e9tica y proteger tus activos digitales de manera efectiva en un entorno en constante cambio.<\/span><\/p>\n<p>[\/et_pb_text][\/et_pb_column][et_pb_column type=\u00bb1_3&#8243; _builder_version=\u00bb4.16&#8243; global_colors_info=\u00bb{}\u00bb][\/et_pb_column][et_pb_column type=\u00bb1_3&#8243; _builder_version=\u00bb4.22.1&#8243; _module_preset=\u00bbdefault\u00bb global_colors_info=\u00bb{}\u00bb][et_pb_image src=\u00bbhttps:\/\/alcosoft.es\/wp-content\/uploads\/2023\/08\/cyber-security-04-1.png\u00bb align=\u00bbcenter\u00bb _builder_version=\u00bb4.22.1&#8243; transform_scale=\u00bb130%|130%\u00bb transform_scale_tablet=\u00bb100%|100%\u00bb transform_scale_phone=\u00bb\u00bb transform_scale_last_edited=\u00bbon|desktop\u00bb transform_translate_tablet=\u00bb\u00bb transform_translate_phone=\u00bb\u00bb transform_translate_last_edited=\u00bbon|desktop\u00bb transform_rotate_tablet=\u00bb\u00bb transform_rotate_phone=\u00bb\u00bb transform_rotate_last_edited=\u00bbon|desktop\u00bb transform_skew_tablet=\u00bb\u00bb transform_skew_phone=\u00bb\u00bb transform_skew_last_edited=\u00bbon|desktop\u00bb transform_origin=\u00bb100%|100%\u00bb transform_origin_tablet=\u00bb\u00bb transform_origin_phone=\u00bb\u00bb transform_origin_last_edited=\u00bbon|desktop\u00bb transform_styles_last_edited=\u00bbon|desktop\u00bb transform_styles_tablet=\u00bb\u00bb transform_styles_phone=\u00bb\u00bb locked=\u00bboff\u00bb global_colors_info=\u00bb{}\u00bb][\/et_pb_image][\/et_pb_column][\/et_pb_row][et_pb_row column_structure=\u00bb1_6,1_6,1_6,1_6,1_6,1_6&#8243; use_custom_gutter=\u00bbon\u00bb gutter_width=\u00bb2&#8243; _builder_version=\u00bb4.16&#8243; locked=\u00bboff\u00bb global_colors_info=\u00bb{}\u00bb][et_pb_column type=\u00bb1_6&#8243; _builder_version=\u00bb4.16&#8243; global_colors_info=\u00bb{}\u00bb][et_pb_button button_text=\u00bbThreat Discovery\u00bb button_alignment=\u00bbcenter\u00bb _builder_version=\u00bb4.16&#8243; custom_button=\u00bbon\u00bb button_text_size=\u00bb11px\u00bb button_text_color=\u00bb#ffffff\u00bb button_bg_use_color_gradient=\u00bbon\u00bb button_bg_color_gradient_type=\u00bbcircular\u00bb button_bg_color_gradient_direction=\u00bb140deg\u00bb button_bg_color_gradient_direction_radial=\u00bbtop right\u00bb button_bg_color_gradient_stops=\u00bb#003070 0%|#001f4c 100%\u00bb button_bg_color_gradient_start=\u00bb#003070&#8243; button_bg_color_gradient_end=\u00bb#001f4c\u00bb button_border_width=\u00bb0px\u00bb button_border_radius=\u00bb100px\u00bb button_font=\u00bbOverpass|900||on|||||\u00bb button_use_icon=\u00bboff\u00bb custom_padding=\u00bb8px|13px|8px|13px|true|true\u00bb hover_enabled=\u00bb1&#8243; box_shadow_style=\u00bbpreset3&#8243; box_shadow_vertical=\u00bb0px\u00bb box_shadow_blur=\u00bb0px\u00bb box_shadow_spread=\u00bb-10px\u00bb box_shadow_color=\u00bbrgba(25,114,255,0.4)\u00bb locked=\u00bboff\u00bb global_colors_info=\u00bb{}\u00bb box_shadow_color__hover=\u00bb#2585b2&#8243; box_shadow_blur__hover_enabled=\u00bbon\u00bb box_shadow_blur__hover=\u00bb40px\u00bb box_shadow_vertical__hover_enabled=\u00bbon\u00bb box_shadow_vertical__hover=\u00bb10px\u00bb][\/et_pb_button][\/et_pb_column][et_pb_column type=\u00bb1_6&#8243; _builder_version=\u00bb4.16&#8243; global_colors_info=\u00bb{}\u00bb][et_pb_button button_text=\u00bbEndpoint Security\u00bb button_alignment=\u00bbcenter\u00bb _builder_version=\u00bb4.16&#8243; custom_button=\u00bbon\u00bb button_text_size=\u00bb11px\u00bb button_text_color=\u00bb#ffffff\u00bb button_bg_use_color_gradient=\u00bbon\u00bb button_bg_color_gradient_type=\u00bbcircular\u00bb button_bg_color_gradient_direction=\u00bb140deg\u00bb button_bg_color_gradient_direction_radial=\u00bbtop right\u00bb button_bg_color_gradient_stops=\u00bb#003070 0%|#001f4c 100%\u00bb button_bg_color_gradient_start=\u00bb#003070&#8243; button_bg_color_gradient_end=\u00bb#001f4c\u00bb button_border_width=\u00bb0px\u00bb button_border_radius=\u00bb100px\u00bb button_font=\u00bbOverpass|900||on|||||\u00bb button_use_icon=\u00bboff\u00bb custom_padding=\u00bb8px|13px|8px|13px|true|true\u00bb hover_enabled=\u00bb1&#8243; box_shadow_style=\u00bbpreset3&#8243; box_shadow_vertical=\u00bb0px\u00bb box_shadow_blur=\u00bb0px\u00bb box_shadow_spread=\u00bb-10px\u00bb box_shadow_color=\u00bbrgba(25,114,255,0.4)\u00bb locked=\u00bboff\u00bb global_colors_info=\u00bb{}\u00bb box_shadow_color__hover=\u00bb#2585b2&#8243; box_shadow_blur__hover_enabled=\u00bbon\u00bb box_shadow_blur__hover=\u00bb40px\u00bb box_shadow_vertical__hover_enabled=\u00bbon\u00bb box_shadow_vertical__hover=\u00bb10px\u00bb][\/et_pb_button][\/et_pb_column][et_pb_column type=\u00bb1_6&#8243; _builder_version=\u00bb4.16&#8243; global_colors_info=\u00bb{}\u00bb][et_pb_button button_text=\u00bbVulnerabilities\u00bb button_alignment=\u00bbcenter\u00bb _builder_version=\u00bb4.16&#8243; custom_button=\u00bbon\u00bb button_text_size=\u00bb11px\u00bb button_text_color=\u00bb#ffffff\u00bb button_bg_use_color_gradient=\u00bbon\u00bb button_bg_color_gradient_type=\u00bbcircular\u00bb button_bg_color_gradient_direction=\u00bb140deg\u00bb button_bg_color_gradient_direction_radial=\u00bbtop right\u00bb button_bg_color_gradient_stops=\u00bb#003070 0%|#001f4c 100%\u00bb button_bg_color_gradient_start=\u00bb#003070&#8243; button_bg_color_gradient_end=\u00bb#001f4c\u00bb button_border_width=\u00bb0px\u00bb button_border_radius=\u00bb100px\u00bb button_font=\u00bbOverpass|900||on|||||\u00bb button_use_icon=\u00bboff\u00bb custom_padding=\u00bb8px|13px|8px|13px|true|true\u00bb hover_enabled=\u00bb1&#8243; box_shadow_style=\u00bbpreset3&#8243; box_shadow_vertical=\u00bb0px\u00bb box_shadow_blur=\u00bb0px\u00bb box_shadow_spread=\u00bb-10px\u00bb box_shadow_color=\u00bbrgba(25,114,255,0.4)\u00bb locked=\u00bboff\u00bb global_colors_info=\u00bb{}\u00bb box_shadow_color__hover=\u00bb#2585b2&#8243; box_shadow_blur__hover_enabled=\u00bbon\u00bb box_shadow_blur__hover=\u00bb40px\u00bb box_shadow_vertical__hover_enabled=\u00bbon\u00bb box_shadow_vertical__hover=\u00bb10px\u00bb][\/et_pb_button][\/et_pb_column][et_pb_column type=\u00bb1_6&#8243; _builder_version=\u00bb4.16&#8243; global_colors_info=\u00bb{}\u00bb][et_pb_button button_text=\u00bbSecurity Training\u00bb button_alignment=\u00bbcenter\u00bb _builder_version=\u00bb4.16&#8243; custom_button=\u00bbon\u00bb button_text_size=\u00bb11px\u00bb button_text_color=\u00bb#ffffff\u00bb button_bg_use_color_gradient=\u00bbon\u00bb button_bg_color_gradient_type=\u00bbcircular\u00bb button_bg_color_gradient_direction=\u00bb140deg\u00bb button_bg_color_gradient_direction_radial=\u00bbtop right\u00bb button_bg_color_gradient_stops=\u00bb#003070 0%|#001f4c 100%\u00bb button_bg_color_gradient_start=\u00bb#003070&#8243; button_bg_color_gradient_end=\u00bb#001f4c\u00bb button_border_width=\u00bb0px\u00bb button_border_radius=\u00bb100px\u00bb button_font=\u00bbOverpass|900||on|||||\u00bb button_use_icon=\u00bboff\u00bb custom_padding=\u00bb8px|13px|8px|13px|true|true\u00bb hover_enabled=\u00bb1&#8243; box_shadow_style=\u00bbpreset3&#8243; box_shadow_vertical=\u00bb0px\u00bb box_shadow_blur=\u00bb0px\u00bb box_shadow_spread=\u00bb-10px\u00bb box_shadow_color=\u00bbrgba(25,114,255,0.4)\u00bb locked=\u00bboff\u00bb global_colors_info=\u00bb{}\u00bb box_shadow_color__hover=\u00bb#2585b2&#8243; box_shadow_blur__hover_enabled=\u00bbon\u00bb box_shadow_blur__hover=\u00bb40px\u00bb box_shadow_vertical__hover_enabled=\u00bbon\u00bb box_shadow_vertical__hover=\u00bb10px\u00bb][\/et_pb_button][\/et_pb_column][et_pb_column type=\u00bb1_6&#8243; _builder_version=\u00bb4.16&#8243; global_colors_info=\u00bb{}\u00bb][et_pb_button button_text=\u00bbIncident Report\u00bb button_alignment=\u00bbcenter\u00bb _builder_version=\u00bb4.16&#8243; custom_button=\u00bbon\u00bb button_text_size=\u00bb11px\u00bb button_text_color=\u00bb#ffffff\u00bb button_bg_use_color_gradient=\u00bbon\u00bb button_bg_color_gradient_type=\u00bbcircular\u00bb button_bg_color_gradient_direction=\u00bb140deg\u00bb button_bg_color_gradient_direction_radial=\u00bbtop right\u00bb button_bg_color_gradient_stops=\u00bb#003070 0%|#001f4c 100%\u00bb button_bg_color_gradient_start=\u00bb#003070&#8243; button_bg_color_gradient_end=\u00bb#001f4c\u00bb button_border_width=\u00bb0px\u00bb button_border_radius=\u00bb100px\u00bb button_font=\u00bbOverpass|900||on|||||\u00bb button_use_icon=\u00bboff\u00bb custom_padding=\u00bb8px|13px|8px|13px|true|true\u00bb hover_enabled=\u00bb1&#8243; box_shadow_style=\u00bbpreset3&#8243; box_shadow_vertical=\u00bb0px\u00bb box_shadow_blur=\u00bb0px\u00bb box_shadow_spread=\u00bb-10px\u00bb box_shadow_color=\u00bbrgba(25,114,255,0.4)\u00bb locked=\u00bboff\u00bb global_colors_info=\u00bb{}\u00bb box_shadow_color__hover=\u00bb#2585b2&#8243; box_shadow_blur__hover_enabled=\u00bbon\u00bb box_shadow_blur__hover=\u00bb40px\u00bb box_shadow_vertical__hover_enabled=\u00bbon\u00bb box_shadow_vertical__hover=\u00bb10px\u00bb][\/et_pb_button][\/et_pb_column][et_pb_column type=\u00bb1_6&#8243; _builder_version=\u00bb4.16&#8243; global_colors_info=\u00bb{}\u00bb][et_pb_button button_text=\u00bbIntro Assessment \u00bb button_alignment=\u00bbcenter\u00bb _builder_version=\u00bb4.16&#8243; custom_button=\u00bbon\u00bb button_text_size=\u00bb11px\u00bb button_text_color=\u00bb#ffffff\u00bb button_bg_use_color_gradient=\u00bbon\u00bb button_bg_color_gradient_type=\u00bbcircular\u00bb button_bg_color_gradient_direction=\u00bb140deg\u00bb button_bg_color_gradient_direction_radial=\u00bbtop right\u00bb button_bg_color_gradient_stops=\u00bb#003070 0%|#001f4c 100%\u00bb button_bg_color_gradient_start=\u00bb#003070&#8243; button_bg_color_gradient_end=\u00bb#001f4c\u00bb button_border_width=\u00bb0px\u00bb button_border_radius=\u00bb100px\u00bb button_font=\u00bbOverpass|900||on|||||\u00bb button_use_icon=\u00bboff\u00bb custom_padding=\u00bb8px|13px|8px|13px|true|true\u00bb hover_enabled=\u00bb1&#8243; box_shadow_style=\u00bbpreset3&#8243; box_shadow_vertical=\u00bb0px\u00bb box_shadow_blur=\u00bb0px\u00bb box_shadow_spread=\u00bb-10px\u00bb box_shadow_color=\u00bbrgba(25,114,255,0.4)\u00bb locked=\u00bboff\u00bb global_colors_info=\u00bb{}\u00bb box_shadow_color__hover=\u00bb#2585b2&#8243; box_shadow_blur__hover_enabled=\u00bbon\u00bb box_shadow_blur__hover=\u00bb40px\u00bb box_shadow_vertical__hover_enabled=\u00bbon\u00bb box_shadow_vertical__hover=\u00bb10px\u00bb][\/et_pb_button][\/et_pb_column][\/et_pb_row][\/et_pb_section][et_pb_section fb_built=\u00bb1&#8243; prev_background_color=\u00bb#ffffff\u00bb _builder_version=\u00bb4.22.1&#8243; _module_preset=\u00bbdefault\u00bb background_color=\u00bb#000000&#8243; custom_padding=\u00bb||19px|||\u00bb top_divider_style=\u00bbwave2&#8243; global_colors_info=\u00bb{}\u00bb][et_pb_row _builder_version=\u00bb4.22.1&#8243; _module_preset=\u00bbdefault\u00bb custom_padding=\u00bb22px|||||\u00bb global_colors_info=\u00bb{}\u00bb][et_pb_column type=\u00bb4_4&#8243; _builder_version=\u00bb4.22.1&#8243; _module_preset=\u00bbdefault\u00bb global_colors_info=\u00bb{}\u00bb][et_pb_blurb url=\u00bbhttps:\/\/www.gruposmz.es\/eipd\/empresa\/entrada\/sello.aspx?idE=MjY1MTAz&#038;idC=MjQyMjU=\u00bb url_new_window=\u00bbon\u00bb _builder_version=\u00bb4.22.1&#8243; _module_preset=\u00bbdefault\u00bb custom_margin=\u00bb||-24px|||\u00bb custom_padding=\u00bb2px||0px|||\u00bb link_option_url=\u00bbhttps:\/\/www.gruposmz.es\/eipd\/empresa\/entrada\/sello.aspx?idE=MjY1MTAz&#038;idC=MjQyMjU=\u00bb link_option_url_new_window=\u00bbon\u00bb global_colors_info=\u00bb{}\u00bb theme_builder_area=\u00bbpost_content\u00bb]<\/p>\n<p style=\"text-align: center;\"><img loading=\"lazy\" decoding=\"async\" src=\"https:\/\/alcosoft.es\/wp-content\/uploads\/2023\/08\/Sello-Vigila.png\" width=\"80\" height=\"80\" alt=\"\" class=\"wp-image-654 alignnone size-full\" \/><\/p>\n<p>[\/et_pb_blurb][\/et_pb_column][\/et_pb_row][et_pb_row _builder_version=\u00bb4.22.1&#8243; _module_preset=\u00bbdefault\u00bb custom_margin=\u00bb-31px|auto||auto||\u00bb custom_padding=\u00bb||0px|||\u00bb global_colors_info=\u00bb{}\u00bb][et_pb_column type=\u00bb4_4&#8243; _builder_version=\u00bb4.22.1&#8243; _module_preset=\u00bbdefault\u00bb global_colors_info=\u00bb{}\u00bb][et_pb_text content_tablet=\u00bbCopyright 2023 Alcosoft |<a href=%22https:\/\/www.alcosoft.es%22 style=%22color: #000000;%22> Pol\u00edtica de Privacidad<\/a> | <a href=%22https:\/\/www.alcosoft.es%22 style=%22color: #000000;%22> Pol\u00edtica de Cookies<\/a>\u00bb content_phone=\u00bbCopyright 2023 Alcosoft |<a href=%22https:\/\/www.alcosoft.es%22 style=%22color: #000000;%22> Pol\u00edtica de Privacidad<\/a> | <a href=%22https:\/\/www.alcosoft.es%22 style=%22color: #000000;%22> Pol\u00edtica de Cookies<\/a>\u00bb content_last_edited=\u00bbon|tablet\u00bb _builder_version=\u00bb4.22.1&#8243; _dynamic_attributes=\u00bbcontent\u00bb _module_preset=\u00bbdefault\u00bb text_font=\u00bb|800|||||||\u00bb text_text_color=\u00bb#000000&#8243; text_orientation=\u00bbcenter\u00bb custom_margin=\u00bb||2px|||\u00bb animation_style=\u00bbfade\u00bb global_colors_info=\u00bb{}\u00bb]@ET-DC@eyJkeW5hbWljIjp0cnVlLCJjb250ZW50IjoiY3VycmVudF9kYXRlIiwic2V0dGluZ3MiOnsiYmVmb3JlIjoiQ29weXJpZ2h0ICIsImFmdGVyIjoiICBBbGNvc29mdCB8PGEgaHJlZj1cImh0dHBzOi8vYWxjb3NvZnQuZXMvaW5kZXgucGhwL2F2aXNvLWxlZ2FsL1wiIHRhcmdldD1cIl9ibGFua1wiIHN0eWxlPVwiY29sb3I6IzAwMDAwMFwiPiBBdmlzbyBMZWdhbDwvYT4gfDxhIGhyZWY9XCJodHRwczovL2FsY29zb2Z0LmVzL2luZGV4LnBocC82NjktMi9cIiB0YXJnZXQ9XCJfYmxhbmtcIiBzdHlsZT1cImNvbG9yOiMwMDAwMDBcIj4gUG9sXHUwMGVkdGljYSBkZSBQcml2YWNpZGFkPC9hPiB8IDxhIGhyZWY9XCJodHRwczovL2FsY29zb2Z0LmVzL2luZGV4LnBocC82OTYtMi9cIiB0YXJnZXQ9XCJfYmxhbmtcIiBzdHlsZT1cImNvbG9yOiMwMDAwMDBcIj4gUG9sXHUwMGVkdGljYSBkZSBDb29raWVzPC9hPiIsImRhdGVfZm9ybWF0IjoiY3VzdG9tIiwiY3VzdG9tX2RhdGVfZm9ybWF0IjoiWSJ9fQ==@[\/et_pb_text][\/et_pb_column][\/et_pb_row][\/et_pb_section]<\/p>\n","protected":false},"excerpt":{"rendered":"<p>Free Tools, Software &amp; ResourcesEn el contexto de la evoluci\u00f3n constante del panorama digital, hemos reunido en nuestra plataforma una selecci\u00f3n de herramientas, software y recursos que reflejan nuestra profunda comprensi\u00f3n de la ciberseguridad. Nuestra recopilaci\u00f3n gratuita est\u00e1 dise\u00f1ada para proporcionarte soluciones s\u00f3lidas y avanzadas que aborden los desaf\u00edos de seguridad en l\u00ednea. Desde herramientas [&hellip;]<\/p>\n","protected":false},"author":1,"featured_media":0,"parent":0,"menu_order":0,"comment_status":"closed","ping_status":"closed","template":"","meta":{"_et_pb_use_builder":"on","_et_pb_old_content":"","_et_gb_content_width":"","_joinchat":[],"footnotes":""},"class_list":["post-228","page","type-page","status-publish","hentry"],"_links":{"self":[{"href":"https:\/\/alcosoft.es\/index.php\/wp-json\/wp\/v2\/pages\/228","targetHints":{"allow":["GET"]}}],"collection":[{"href":"https:\/\/alcosoft.es\/index.php\/wp-json\/wp\/v2\/pages"}],"about":[{"href":"https:\/\/alcosoft.es\/index.php\/wp-json\/wp\/v2\/types\/page"}],"author":[{"embeddable":true,"href":"https:\/\/alcosoft.es\/index.php\/wp-json\/wp\/v2\/users\/1"}],"replies":[{"embeddable":true,"href":"https:\/\/alcosoft.es\/index.php\/wp-json\/wp\/v2\/comments?post=228"}],"version-history":[{"count":19,"href":"https:\/\/alcosoft.es\/index.php\/wp-json\/wp\/v2\/pages\/228\/revisions"}],"predecessor-version":[{"id":864,"href":"https:\/\/alcosoft.es\/index.php\/wp-json\/wp\/v2\/pages\/228\/revisions\/864"}],"wp:attachment":[{"href":"https:\/\/alcosoft.es\/index.php\/wp-json\/wp\/v2\/media?parent=228"}],"curies":[{"name":"wp","href":"https:\/\/api.w.org\/{rel}","templated":true}]}}